{"id":512,"date":"2024-06-17T17:59:54","date_gmt":"2024-06-17T15:59:54","guid":{"rendered":"https:\/\/subaruperformance.com.py\/fueltech\/?page_id=512"},"modified":"2024-06-19T22:23:41","modified_gmt":"2024-06-19T20:23:41","slug":"comparativa-de-ecus","status":"publish","type":"page","link":"https:\/\/subaruperformance.com.py\/fueltech\/comparativa-de-ecus\/","title":{"rendered":"Comparativa de ECUs"},"content":{"rendered":"\t\t<div data-elementor-type=\"wp-page\" data-elementor-id=\"512\" class=\"elementor elementor-512\" data-elementor-post-type=\"page\">\n\t\t\t\t<div class=\"elementor-element elementor-element-7661ff6 e-flex e-con-boxed e-con e-parent\" data-id=\"7661ff6\" data-element_type=\"container\" data-e-type=\"container\" data-settings=\"{&quot;_ha_eqh_enable&quot;:false}\">\n\t\t\t\t\t<div class=\"e-con-inner\">\n\t\t\t\t<div class=\"elementor-element elementor-element-db0bf9a ha-css-transform-yes elementor-widget elementor-widget-heading\" data-id=\"db0bf9a\" data-element_type=\"widget\" data-e-type=\"widget\" data-widget_type=\"heading.default\">\n\t\t\t\t<div class=\"elementor-widget-container\">\n\t\t\t\t\t<h1 class=\"elementor-heading-title elementor-size-default\">COMPARATIVA DE ECUs<\/h1>\t\t\t\t<\/div>\n\t\t\t\t<\/div>\n\t\t\t\t<div class=\"elementor-element elementor-element-8d69fc1 elementor-widget elementor-widget-ha-breadcrumbs happy-addon ha-breadcrumbs happy-addon-pro\" data-id=\"8d69fc1\" data-element_type=\"widget\" data-e-type=\"widget\" data-widget_type=\"ha-breadcrumbs.default\">\n\t\t\t\t<div class=\"elementor-widget-container\">\n\t\t\t\t\t<ul class=\"ha-breadcrumbs\"><li class=\"ha-breadcrumbs-item ha-breadcrumbs-start\"><a href=\"https:\/\/subaruperformance.com.py\/fueltech\/\" rel=\"home\"><span class=\"ha-breadcrumbs-text\"><span class=\"ha-breadcrumbs-home-icon\"><span class=\"hm hm-home3\" aria-hidden=\"true\"><\/span><\/span>Inicio<\/span><\/a><\/li><\/ul>\t\t\t\t<\/div>\n\t\t\t\t<\/div>\n\t\t\t\t\t<\/div>\n\t\t\t\t<\/div>\n\t\t<div class=\"elementor-element elementor-element-e071335 e-flex e-con-boxed e-con e-parent\" data-id=\"e071335\" data-element_type=\"container\" data-e-type=\"container\" data-settings=\"{&quot;_ha_eqh_enable&quot;:false}\">\n\t\t\t\t\t<div class=\"e-con-inner\">\n\t\t\t\t<div class=\"elementor-element elementor-element-4db86f4 elementor-widget elementor-widget-text-editor\" data-id=\"4db86f4\" data-element_type=\"widget\" data-e-type=\"widget\" data-widget_type=\"text-editor.default\">\n\t\t\t\t<div class=\"elementor-widget-container\">\n\t\t\t\t\t\t\t\t\t<p>Revis\u00e1 nuestra tabla comparativa de ECUs para averiguar cu\u00e1l se ajusta mejor a tus necesidades.<br \/>Por favor, no dudes en contactarnos si ten\u00e9s alguna pregunta.<br \/><strong>Hac\u00e9 clic en los siguientes cuadros para ver una versi\u00f3n ampliada<\/strong><\/p>\t\t\t\t\t\t\t\t<\/div>\n\t\t\t\t<\/div>\n\t\t\t\t<div data-ha-element-link=\"{&quot;url&quot;:&quot;https:\\\/\\\/subaruperformance.com.py\\\/fueltech\\\/wp-content\\\/uploads\\\/2024\\\/06\\\/Comparative_Chart_1.webp&quot;,&quot;is_external&quot;:&quot;&quot;,&quot;nofollow&quot;:&quot;&quot;}\" style=\"cursor: pointer\" class=\"elementor-element elementor-element-2292547 elementor-widget elementor-widget-image\" data-id=\"2292547\" data-element_type=\"widget\" data-e-type=\"widget\" data-widget_type=\"image.default\">\n\t\t\t\t<div class=\"elementor-widget-container\">\n\t\t\t\t\t\t\t\t\t\t\t\t\t\t\t<img fetchpriority=\"high\" decoding=\"async\" width=\"800\" height=\"791\" src=\"https:\/\/subaruperformance.com.py\/fueltech\/wp-content\/uploads\/2024\/06\/Comparative_Chart_1.webp\" class=\"attachment-large size-large wp-image-514\" alt=\"\" srcset=\"https:\/\/subaruperformance.com.py\/fueltech\/wp-content\/uploads\/2024\/06\/Comparative_Chart_1.webp 910w, https:\/\/subaruperformance.com.py\/fueltech\/wp-content\/uploads\/2024\/06\/Comparative_Chart_1-100x100.webp 100w, https:\/\/subaruperformance.com.py\/fueltech\/wp-content\/uploads\/2024\/06\/Comparative_Chart_1-600x593.webp 600w, https:\/\/subaruperformance.com.py\/fueltech\/wp-content\/uploads\/2024\/06\/Comparative_Chart_1-300x297.webp 300w, https:\/\/subaruperformance.com.py\/fueltech\/wp-content\/uploads\/2024\/06\/Comparative_Chart_1-768x760.webp 768w\" sizes=\"(max-width: 800px) 100vw, 800px\" \/>\t\t\t\t\t\t\t\t\t\t\t\t\t\t\t<\/div>\n\t\t\t\t<\/div>\n\t\t\t\t\t<\/div>\n\t\t\t\t<\/div>\n\t\t\t\t<\/div>\n\t\t","protected":false},"excerpt":{"rendered":"<p>COMPARATIVA DE ECUs Inicio Revis\u00e1 nuestra tabla comparativa de ECUs para averiguar cu\u00e1l se ajusta mejor a tus necesidades.Por favor, no dudes en contactarnos si ten\u00e9s alguna pregunta.Hac\u00e9 clic en los siguientes cuadros para ver una versi\u00f3n ampliada<\/p>\n","protected":false},"author":1,"featured_media":0,"parent":0,"menu_order":0,"comment_status":"closed","ping_status":"closed","template":"","meta":{"footnotes":""},"class_list":["post-512","page","type-page","status-publish","hentry"],"jetpack_sharing_enabled":true,"_links":{"self":[{"href":"https:\/\/subaruperformance.com.py\/fueltech\/wp-json\/wp\/v2\/pages\/512","targetHints":{"allow":["GET"]}}],"collection":[{"href":"https:\/\/subaruperformance.com.py\/fueltech\/wp-json\/wp\/v2\/pages"}],"about":[{"href":"https:\/\/subaruperformance.com.py\/fueltech\/wp-json\/wp\/v2\/types\/page"}],"author":[{"embeddable":true,"href":"https:\/\/subaruperformance.com.py\/fueltech\/wp-json\/wp\/v2\/users\/1"}],"replies":[{"embeddable":true,"href":"https:\/\/subaruperformance.com.py\/fueltech\/wp-json\/wp\/v2\/comments?post=512"}],"version-history":[{"count":19,"href":"https:\/\/subaruperformance.com.py\/fueltech\/wp-json\/wp\/v2\/pages\/512\/revisions"}],"predecessor-version":[{"id":1163,"href":"https:\/\/subaruperformance.com.py\/fueltech\/wp-json\/wp\/v2\/pages\/512\/revisions\/1163"}],"wp:attachment":[{"href":"https:\/\/subaruperformance.com.py\/fueltech\/wp-json\/wp\/v2\/media?parent=512"}],"curies":[{"name":"wp","href":"https:\/\/api.w.org\/{rel}","templated":true}]}}