{"id":518,"date":"2024-06-17T18:26:23","date_gmt":"2024-06-17T16:26:23","guid":{"rendered":"https:\/\/subaruperformance.com.py\/fueltech\/?page_id=518"},"modified":"2024-06-19T22:27:09","modified_gmt":"2024-06-19T20:27:09","slug":"preguntas-frecuentes","status":"publish","type":"page","link":"https:\/\/subaruperformance.com.py\/fueltech\/preguntas-frecuentes\/","title":{"rendered":"Preguntas Frecuentes"},"content":{"rendered":"\t\t<div data-elementor-type=\"wp-page\" data-elementor-id=\"518\" class=\"elementor elementor-518\" data-elementor-post-type=\"page\">\n\t\t\t\t<div class=\"elementor-element elementor-element-7661ff6 e-flex e-con-boxed e-con e-parent\" data-id=\"7661ff6\" data-element_type=\"container\" data-e-type=\"container\" data-settings=\"{&quot;_ha_eqh_enable&quot;:false}\">\n\t\t\t\t\t<div class=\"e-con-inner\">\n\t\t\t\t<div class=\"elementor-element elementor-element-db0bf9a ha-css-transform-yes elementor-widget elementor-widget-heading\" data-id=\"db0bf9a\" data-element_type=\"widget\" data-e-type=\"widget\" data-widget_type=\"heading.default\">\n\t\t\t\t<div class=\"elementor-widget-container\">\n\t\t\t\t\t<h1 class=\"elementor-heading-title elementor-size-default\">Preguntas Frecuentes\n<\/h1>\t\t\t\t<\/div>\n\t\t\t\t<\/div>\n\t\t\t\t<div class=\"elementor-element elementor-element-8d69fc1 elementor-widget elementor-widget-ha-breadcrumbs happy-addon ha-breadcrumbs happy-addon-pro\" data-id=\"8d69fc1\" data-element_type=\"widget\" data-e-type=\"widget\" data-widget_type=\"ha-breadcrumbs.default\">\n\t\t\t\t<div class=\"elementor-widget-container\">\n\t\t\t\t\t<ul class=\"ha-breadcrumbs\"><li class=\"ha-breadcrumbs-item ha-breadcrumbs-start\"><a href=\"https:\/\/subaruperformance.com.py\/fueltech\/\" rel=\"home\"><span class=\"ha-breadcrumbs-text\"><span class=\"ha-breadcrumbs-home-icon\"><span class=\"hm hm-home3\" aria-hidden=\"true\"><\/span><\/span>Inicio<\/span><\/a><\/li><\/ul>\t\t\t\t<\/div>\n\t\t\t\t<\/div>\n\t\t\t\t\t<\/div>\n\t\t\t\t<\/div>\n\t\t<div class=\"elementor-element elementor-element-e071335 e-flex e-con-boxed e-con e-parent\" data-id=\"e071335\" data-element_type=\"container\" data-e-type=\"container\" data-settings=\"{&quot;_ha_eqh_enable&quot;:false}\">\n\t\t\t\t\t<div class=\"e-con-inner\">\n\t\t\t\t<div class=\"elementor-element elementor-element-d9cc122 ha-accordion--icon-left elementor-widget elementor-widget-ha-accordion happy-addon ha-accordion happy-addon-pro\" data-id=\"d9cc122\" data-element_type=\"widget\" data-e-type=\"widget\" data-widget_type=\"ha-accordion.default\">\n\t\t\t\t<div class=\"elementor-widget-container\">\n\t\t\t\t\t        <div class=\"ha-accordion__wrapper\" role=\"tablist\">\n                            <div class=\"ha-accordion__item\">\n                    <div id=\"ha-accordion__item-title-2281\" class=\"ha-accordion__item-title\" data-tab=\"1\" role=\"tab\" aria-controls=\"ha-accordion__item-content-2281\">\n                                                    <span class=\"ha-accordion__item-icon ha-accordion__icon\" aria-hidden=\"true\">\n                                                                    <span class=\"ha-accordion__icon--closed\"><i aria-hidden=\"true\" class=\"fas fa-plus\"><\/i><\/span>\n                                                                                                    <span class=\"ha-accordion__icon--opened\"><i aria-hidden=\"true\" class=\"fas fa-minus\"><\/i><\/span>\n                                                            <\/span>\n                                                <div class=\"ha-accordion__item-title-inner\">\n                                                        <span class=\"ha-accordion__item-title-text\">Tengo un coche con un motor totalmente original que utilizo a diario. \u00bfCu\u00e1les son las ganancias al instalar una inyecci\u00f3n FuelTech en mi motor?<\/span>\n                        <\/div>\n                    <\/div>\n                    <div id=\"ha-accordion__item-content-2281\" class=\"ha-accordion__item-content\" data-tab=\"1\" role=\"tabpanel\" aria-labelledby=\"ha-accordion__item-title-2281\">\n                        <p>Sin ninguna modificaci\u00f3n mec\u00e1nica en el motor del veh\u00edculo, las ganancias no superan el 5% cuando se combinan muy bien con un programador experimentado y una sonda lambda de banda ancha. El costo-beneficio de esta modificaci\u00f3n es bajo en comparaci\u00f3n con otros cambios mec\u00e1nicos en el motor para el rendimiento. En el caso de un motor con el m\u00f3dulo original quemado, recuerde tener en cuenta los costos de construcci\u00f3n de un nuevo arn\u00e9s por un electricista automotriz, los m\u00f3dulos FuelTech y los montos cobrados por el preparador \/ taller por instalaci\u00f3n y ajuste, adem\u00e1s de cualquier incompatibilidad con dispositivos originales del veh\u00edculo como salpicadero, transmisi\u00f3n autom\u00e1tica, aire acondicionado digital, etc.<\/p>                    <\/div>\n                <\/div>\n                            <div class=\"ha-accordion__item\">\n                    <div id=\"ha-accordion__item-title-2282\" class=\"ha-accordion__item-title\" data-tab=\"2\" role=\"tab\" aria-controls=\"ha-accordion__item-content-2282\">\n                                                    <span class=\"ha-accordion__item-icon ha-accordion__icon\" aria-hidden=\"true\">\n                                                                    <span class=\"ha-accordion__icon--closed\"><i aria-hidden=\"true\" class=\"fas fa-plus\"><\/i><\/span>\n                                                                                                    <span class=\"ha-accordion__icon--opened\"><i aria-hidden=\"true\" class=\"fas fa-minus\"><\/i><\/span>\n                                                            <\/span>\n                                                <div class=\"ha-accordion__item-title-inner\">\n                                                        <span class=\"ha-accordion__item-title-text\">\u00bfCu\u00e1les son las ganancias al instalar FuelTech en mi autom\u00f3vil?<\/span>\n                        <\/div>\n                    <\/div>\n                    <div id=\"ha-accordion__item-content-2282\" class=\"ha-accordion__item-content\" data-tab=\"2\" role=\"tabpanel\" aria-labelledby=\"ha-accordion__item-title-2282\">\n                        <p>En los motores con carburador, se suelen conseguir ganancias en rendimiento y econom\u00eda, ya que el sistema de encendido es mucho m\u00e1s eficiente y el sistema de inyecci\u00f3n est\u00e1 mejor dosificado. Los carburadores de motores de gran cilindrada, que rara vez se usan, tienen fallas y requieren un mantenimiento frecuente. La adopci\u00f3n de un sistema de inyecci\u00f3n electr\u00f3nica elimina por completo estos problemas, adem\u00e1s de dejar al motor con un funcionamiento mucho m\u00e1s lineal.<\/p>                    <\/div>\n                <\/div>\n                            <div class=\"ha-accordion__item\">\n                    <div id=\"ha-accordion__item-title-2283\" class=\"ha-accordion__item-title\" data-tab=\"3\" role=\"tab\" aria-controls=\"ha-accordion__item-content-2283\">\n                                                    <span class=\"ha-accordion__item-icon ha-accordion__icon\" aria-hidden=\"true\">\n                                                                    <span class=\"ha-accordion__icon--closed\"><i aria-hidden=\"true\" class=\"fas fa-plus\"><\/i><\/span>\n                                                                                                    <span class=\"ha-accordion__icon--opened\"><i aria-hidden=\"true\" class=\"fas fa-minus\"><\/i><\/span>\n                                                            <\/span>\n                                                <div class=\"ha-accordion__item-title-inner\">\n                                                        <span class=\"ha-accordion__item-title-text\">Mi autom\u00f3vil tiene transmisi\u00f3n autom\u00e1tica, \u00bfFuelTech puede controlarlo?<\/span>\n                        <\/div>\n                    <\/div>\n                    <div id=\"ha-accordion__item-content-2283\" class=\"ha-accordion__item-content\" data-tab=\"3\" role=\"tabpanel\" aria-labelledby=\"ha-accordion__item-title-2283\">\n                        <p>Los cambios autom\u00e1ticos no pueden ser controlados por los m\u00f3dulos FuelTech. En estos casos, es fundamental que el m\u00f3dulo de engranajes funcione perfectamente. En los casos en que el m\u00f3dulo de transmisi\u00f3n est\u00e9 integrado con el m\u00f3dulo de inyecci\u00f3n original, todos los sensores originales deben estar conectados al m\u00f3dulo. Los sensores de temperatura del motor y del aire para FuelTech deben instalarse en el motor, ya que los originales normalmente no son compatibles. Puede compartir la se\u00f1al del sensor de rotaci\u00f3n y el sensor TPS. Para evitar errores en el m\u00f3dulo original, se recomienda utilizar un emulador de boquilla (normalmente utilizado en GNC) conectado a la inyecci\u00f3n original. A\u00fan as\u00ed, no hay certeza de que la transmisi\u00f3n autom\u00e1tica mantenga su correcto funcionamiento, teniendo en cuenta las estrategias de reducci\u00f3n de par para cambios de marcha que manda la inyecci\u00f3n original.<\/p>                    <\/div>\n                <\/div>\n                            <div class=\"ha-accordion__item\">\n                    <div id=\"ha-accordion__item-title-2284\" class=\"ha-accordion__item-title\" data-tab=\"4\" role=\"tab\" aria-controls=\"ha-accordion__item-content-2284\">\n                                                    <span class=\"ha-accordion__item-icon ha-accordion__icon\" aria-hidden=\"true\">\n                                                                    <span class=\"ha-accordion__icon--closed\"><i aria-hidden=\"true\" class=\"fas fa-plus\"><\/i><\/span>\n                                                                                                    <span class=\"ha-accordion__icon--opened\"><i aria-hidden=\"true\" class=\"fas fa-minus\"><\/i><\/span>\n                                                            <\/span>\n                                                <div class=\"ha-accordion__item-title-inner\">\n                                                        <span class=\"ha-accordion__item-title-text\">Quiero instalar una inyecci\u00f3n electr\u00f3nica en mi motocicleta. \u00bfPuedo usar m\u00f3dulos FuelTech?<\/span>\n                        <\/div>\n                    <\/div>\n                    <div id=\"ha-accordion__item-content-2284\" class=\"ha-accordion__item-content\" data-tab=\"4\" role=\"tabpanel\" aria-labelledby=\"ha-accordion__item-title-2284\">\n                        <p>Los m\u00f3dulos FuelTech se pueden utilizar en cualquier motor de combusti\u00f3n interna de ciclo Otto, de 2 o 4 tiempos. Para una motocicleta, solo se recomiendan los m\u00f3dulos de plataforma PowerFT (FT500, FT500LITE y FT600). Adem\u00e1s, ser\u00e1n necesarias algunas modificaciones mec\u00e1nicas, como la adaptaci\u00f3n de un cuerpo de mariposa, tobera de inyector, bomba el\u00e9ctrica, regulador de presi\u00f3n de combustible, etc. Se pueden adaptar equipos de motocicleta m\u00e1s modernos, ya inyectados, con una cilindrada \/ potencia similar. Para controlar el encendido, la motocicleta debe usar una rueda f\u00f3nica de un est\u00e1ndar compatible.<\/p>                    <\/div>\n                <\/div>\n                            <div class=\"ha-accordion__item\">\n                    <div id=\"ha-accordion__item-title-2285\" class=\"ha-accordion__item-title\" data-tab=\"5\" role=\"tab\" aria-controls=\"ha-accordion__item-content-2285\">\n                                                    <span class=\"ha-accordion__item-icon ha-accordion__icon\" aria-hidden=\"true\">\n                                                                    <span class=\"ha-accordion__icon--closed\"><i aria-hidden=\"true\" class=\"fas fa-plus\"><\/i><\/span>\n                                                                                                    <span class=\"ha-accordion__icon--opened\"><i aria-hidden=\"true\" class=\"fas fa-minus\"><\/i><\/span>\n                                                            <\/span>\n                                                <div class=\"ha-accordion__item-title-inner\">\n                                                        <span class=\"ha-accordion__item-title-text\">\u00bfPuedo usar el GNC instalado en mi autom\u00f3vil despu\u00e9s de instalar una inyecci\u00f3n FuelTech?<\/span>\n                        <\/div>\n                    <\/div>\n                    <div id=\"ha-accordion__item-content-2285\" class=\"ha-accordion__item-content\" data-tab=\"5\" role=\"tabpanel\" aria-labelledby=\"ha-accordion__item-title-2285\">\n                        <p>No hay problema al utilizar GNC con la inyecci\u00f3n programable. Incluso es posible gestionarlo, utilizando un banco de inyectores espec\u00edficos para GNC y un banco para combustible l\u00edquido (etanol o gasolina). Si el kit de GNC es uno de los convencionales (sin inyectores), se puede crear un mapa con los tiempos de inyecci\u00f3n todo en 0ms y el mapa de encendido m\u00e1s avanzado, seg\u00fan lo que necesite el GNC. En este caso, utilice la funci\u00f3n &#8220;Cambio r\u00e1pido de configuraci\u00f3n&#8221; en el m\u00f3dulo FuelTech, para cambiar r\u00e1pidamente de un mapa a otro. Si se desea, se puede utilizar el emulador de boquilla de los kits de GNC conectados al FuelTech, por lo que el intercambio entre GNC y Gasolina \/ Alcohol se puede realizar utilizando la tecla del kit de GNC, sin tener que tocar el m\u00f3dulo FuelTech.<\/p>                    <\/div>\n                <\/div>\n                            <div class=\"ha-accordion__item\">\n                    <div id=\"ha-accordion__item-title-2286\" class=\"ha-accordion__item-title\" data-tab=\"6\" role=\"tab\" aria-controls=\"ha-accordion__item-content-2286\">\n                                                    <span class=\"ha-accordion__item-icon ha-accordion__icon\" aria-hidden=\"true\">\n                                                                    <span class=\"ha-accordion__icon--closed\"><i aria-hidden=\"true\" class=\"fas fa-plus\"><\/i><\/span>\n                                                                                                    <span class=\"ha-accordion__icon--opened\"><i aria-hidden=\"true\" class=\"fas fa-minus\"><\/i><\/span>\n                                                            <\/span>\n                                                <div class=\"ha-accordion__item-title-inner\">\n                                                        <span class=\"ha-accordion__item-title-text\">\u00bfCu\u00e1l es la diferencia entre FT250 y FT300?<\/span>\n                        <\/div>\n                    <\/div>\n                    <div id=\"ha-accordion__item-content-2286\" class=\"ha-accordion__item-content\" data-tab=\"6\" role=\"tabpanel\" aria-labelledby=\"ha-accordion__item-title-2286\">\n                        <p>El FT250 controla el encendido solo a trav\u00e9s de un distribuidor de efecto Hall, mientras que el FT300 puede controlar tanto motores con distribuidores como motores con rueda f\u00f3nica.<\/p>                    <\/div>\n                <\/div>\n                            <div class=\"ha-accordion__item\">\n                    <div id=\"ha-accordion__item-title-2287\" class=\"ha-accordion__item-title\" data-tab=\"7\" role=\"tab\" aria-controls=\"ha-accordion__item-content-2287\">\n                                                    <span class=\"ha-accordion__item-icon ha-accordion__icon\" aria-hidden=\"true\">\n                                                                    <span class=\"ha-accordion__icon--closed\"><i aria-hidden=\"true\" class=\"fas fa-plus\"><\/i><\/span>\n                                                                                                    <span class=\"ha-accordion__icon--opened\"><i aria-hidden=\"true\" class=\"fas fa-minus\"><\/i><\/span>\n                                                            <\/span>\n                                                <div class=\"ha-accordion__item-title-inner\">\n                                                        <span class=\"ha-accordion__item-title-text\">\u00bfMi motor funcionar\u00e1 con flexibilidad con la instalaci\u00f3n de un m\u00f3dulo FuelTech?<\/span>\n                        <\/div>\n                    <\/div>\n                    <div id=\"ha-accordion__item-content-2287\" class=\"ha-accordion__item-content\" data-tab=\"7\" role=\"tabpanel\" aria-labelledby=\"ha-accordion__item-title-2287\">\n                        <p>Los m\u00f3dulos de inyecci\u00f3n FuelTech no convierten el motor del veh\u00edculo en &#8220;flexi\u00f3n&#8221;. Sin embargo, el equipo cuenta con memoria interna para hasta 5 mapas diferentes, lo que permite crear un mapa para alcohol, uno para gasolina y otro para GNC, por ejemplo. Cada mapa debe ser configurado por el preparador, no se crean autom\u00e1ticamente y deben cambiarse manualmente, de acuerdo con el combustible utilizado actualmente.<\/p>                    <\/div>\n                <\/div>\n                            <div class=\"ha-accordion__item\">\n                    <div id=\"ha-accordion__item-title-2288\" class=\"ha-accordion__item-title\" data-tab=\"8\" role=\"tab\" aria-controls=\"ha-accordion__item-content-2288\">\n                                                    <span class=\"ha-accordion__item-icon ha-accordion__icon\" aria-hidden=\"true\">\n                                                                    <span class=\"ha-accordion__icon--closed\"><i aria-hidden=\"true\" class=\"fas fa-plus\"><\/i><\/span>\n                                                                                                    <span class=\"ha-accordion__icon--opened\"><i aria-hidden=\"true\" class=\"fas fa-minus\"><\/i><\/span>\n                                                            <\/span>\n                                                <div class=\"ha-accordion__item-title-inner\">\n                                                        <span class=\"ha-accordion__item-title-text\">Mi coche tiene transmisi\u00f3n autom\u00e1tica, pero el m\u00f3dulo de inyecci\u00f3n tiene problemas. \u00bfPuedo reemplazarlo con un m\u00f3dulo FuelTech?<\/span>\n                        <\/div>\n                    <\/div>\n                    <div id=\"ha-accordion__item-content-2288\" class=\"ha-accordion__item-content\" data-tab=\"8\" role=\"tabpanel\" aria-labelledby=\"ha-accordion__item-title-2288\">\n                        <p>Los m\u00f3dulos FuelTech controlan el motor sin problemas, sin embargo, toda la electr\u00f3nica encargada de controlar la transmisi\u00f3n autom\u00e1tica debe seguir siendo controlada por el m\u00f3dulo original. Si la parte de control de la transmisi\u00f3n autom\u00e1tica est\u00e1 defectuosa, solo cambiar el m\u00f3dulo puede resolverlo. A\u00fan as\u00ed, no hay certeza de que la transmisi\u00f3n autom\u00e1tica mantenga su correcto funcionamiento, teniendo en cuenta las estrategias de reducci\u00f3n de par para cambios de marcha que manda la inyecci\u00f3n original.<\/p>                    <\/div>\n                <\/div>\n                            <div class=\"ha-accordion__item\">\n                    <div id=\"ha-accordion__item-title-2289\" class=\"ha-accordion__item-title\" data-tab=\"9\" role=\"tab\" aria-controls=\"ha-accordion__item-content-2289\">\n                                                    <span class=\"ha-accordion__item-icon ha-accordion__icon\" aria-hidden=\"true\">\n                                                                    <span class=\"ha-accordion__icon--closed\"><i aria-hidden=\"true\" class=\"fas fa-plus\"><\/i><\/span>\n                                                                                                    <span class=\"ha-accordion__icon--opened\"><i aria-hidden=\"true\" class=\"fas fa-minus\"><\/i><\/span>\n                                                            <\/span>\n                                                <div class=\"ha-accordion__item-title-inner\">\n                                                        <span class=\"ha-accordion__item-title-text\">\u00bfNecesito contratar a un formador para configurar mi m\u00f3dulo?<\/span>\n                        <\/div>\n                    <\/div>\n                    <div id=\"ha-accordion__item-content-2289\" class=\"ha-accordion__item-content\" data-tab=\"9\" role=\"tabpanel\" aria-labelledby=\"ha-accordion__item-title-2289\">\n                        <p>Recomendamos que el motor sea ajustado por una persona con experiencia en mec\u00e1nica e inyecci\u00f3n electr\u00f3nica para evitar cualquier da\u00f1o al m\u00f3dulo o veh\u00edculo. Otro punto fundamental para el ajuste del motor es el uso de una sonda lambda de banda ancha, que indica con precisi\u00f3n el estado de la mezcla aire \/ combustible. Lo ideal es contratar a un preparador con experiencia para ajustar el m\u00f3dulo y ajustar el coche con la ayuda de un dinam\u00f3metro. En la secci\u00f3n Socios hay talleres registrados que pueden instalar y ajustar m\u00f3dulos FuelTech.<\/p>                    <\/div>\n                <\/div>\n                            <div class=\"ha-accordion__item\">\n                    <div id=\"ha-accordion__item-title-22810\" class=\"ha-accordion__item-title\" data-tab=\"10\" role=\"tab\" aria-controls=\"ha-accordion__item-content-22810\">\n                                                    <span class=\"ha-accordion__item-icon ha-accordion__icon\" aria-hidden=\"true\">\n                                                                    <span class=\"ha-accordion__icon--closed\"><i aria-hidden=\"true\" class=\"fas fa-plus\"><\/i><\/span>\n                                                                                                    <span class=\"ha-accordion__icon--opened\"><i aria-hidden=\"true\" class=\"fas fa-minus\"><\/i><\/span>\n                                                            <\/span>\n                                                <div class=\"ha-accordion__item-title-inner\">\n                                                        <span class=\"ha-accordion__item-title-text\">\u00bfLa instalaci\u00f3n el\u00e9ctrica de FuelTech tiene que ser realizada por un profesional espec\u00edfico?<\/span>\n                        <\/div>\n                    <\/div>\n                    <div id=\"ha-accordion__item-content-22810\" class=\"ha-accordion__item-content\" data-tab=\"10\" role=\"tabpanel\" aria-labelledby=\"ha-accordion__item-title-22810\">\n                        <p dir=\"ltr\">La instalaci\u00f3n de los equipos puede ser realizada por un profesional con conocimientos de el\u00e9ctrica automotriz, ya que los productos cuentan con manuales detallados, con un paso a paso de la configuraci\u00f3n, textos y esquemas.<\/p>                    <\/div>\n                <\/div>\n                    <\/div>\n        \t\t\t\t<\/div>\n\t\t\t\t<\/div>\n\t\t\t\t\t<\/div>\n\t\t\t\t<\/div>\n\t\t\t\t<\/div>\n\t\t","protected":false},"excerpt":{"rendered":"<p>Preguntas Frecuentes Inicio Tengo un coche con un motor totalmente original que utilizo a diario. \u00bfCu\u00e1les son las ganancias al instalar una inyecci\u00f3n FuelTech en mi motor? Sin ninguna modificaci\u00f3n mec\u00e1nica en el motor del veh\u00edculo, las ganancias no superan el 5% cuando se combinan muy bien con un programador experimentado y una sonda lambda [&hellip;]<\/p>\n","protected":false},"author":1,"featured_media":0,"parent":0,"menu_order":0,"comment_status":"closed","ping_status":"closed","template":"","meta":{"footnotes":""},"class_list":["post-518","page","type-page","status-publish","hentry"],"jetpack_sharing_enabled":true,"_links":{"self":[{"href":"https:\/\/subaruperformance.com.py\/fueltech\/wp-json\/wp\/v2\/pages\/518","targetHints":{"allow":["GET"]}}],"collection":[{"href":"https:\/\/subaruperformance.com.py\/fueltech\/wp-json\/wp\/v2\/pages"}],"about":[{"href":"https:\/\/subaruperformance.com.py\/fueltech\/wp-json\/wp\/v2\/types\/page"}],"author":[{"embeddable":true,"href":"https:\/\/subaruperformance.com.py\/fueltech\/wp-json\/wp\/v2\/users\/1"}],"replies":[{"embeddable":true,"href":"https:\/\/subaruperformance.com.py\/fueltech\/wp-json\/wp\/v2\/comments?post=518"}],"version-history":[{"count":25,"href":"https:\/\/subaruperformance.com.py\/fueltech\/wp-json\/wp\/v2\/pages\/518\/revisions"}],"predecessor-version":[{"id":1199,"href":"https:\/\/subaruperformance.com.py\/fueltech\/wp-json\/wp\/v2\/pages\/518\/revisions\/1199"}],"wp:attachment":[{"href":"https:\/\/subaruperformance.com.py\/fueltech\/wp-json\/wp\/v2\/media?parent=518"}],"curies":[{"name":"wp","href":"https:\/\/api.w.org\/{rel}","templated":true}]}}