{"id":6672,"date":"2026-05-02T18:59:57","date_gmt":"2026-05-02T16:59:57","guid":{"rendered":"https:\/\/subaruperformance.com.py\/fueltech\/product\/ft-300\/"},"modified":"2026-05-02T18:59:57","modified_gmt":"2026-05-02T16:59:57","slug":"ft-300","status":"publish","type":"product","link":"https:\/\/subaruperformance.com.py\/fueltech\/product\/ft-300\/","title":{"rendered":"FT 300"},"content":{"rendered":"<p>Inyecci\u00f3n Electr\u00f3nica Programable con pantalla OLED de 16&#215;2 caracteres. Control de inyecci\u00f3n y encendido mediante distribuidor o rueda f\u00f3nica. Incluye registrador de datos interno y control de ralent\u00ed.<\/p>\n","protected":false},"excerpt":{"rendered":"<p>Inyecci\u00f3n Electr\u00f3nica Programable con pantalla OLED de 16&#215;2 caracteres. Control de inyecci\u00f3n y encendido mediante distribuidor o rueda f\u00f3nica. Incluye registrador de datos interno y control de ralent\u00ed.<\/p>\n","protected":false},"featured_media":6671,"comment_status":"open","ping_status":"closed","template":"","meta":[],"product_brand":[],"product_cat":[18],"product_tag":[],"class_list":{"0":"post-6672","1":"product","2":"type-product","3":"status-publish","4":"has-post-thumbnail","6":"product_cat-uncategorized","8":"first","9":"instock","10":"shipping-taxable","11":"purchasable","12":"product-type-simple"},"jetpack_sharing_enabled":true,"_links":{"self":[{"href":"https:\/\/subaruperformance.com.py\/fueltech\/wp-json\/wp\/v2\/product\/6672","targetHints":{"allow":["GET"]}}],"collection":[{"href":"https:\/\/subaruperformance.com.py\/fueltech\/wp-json\/wp\/v2\/product"}],"about":[{"href":"https:\/\/subaruperformance.com.py\/fueltech\/wp-json\/wp\/v2\/types\/product"}],"replies":[{"embeddable":true,"href":"https:\/\/subaruperformance.com.py\/fueltech\/wp-json\/wp\/v2\/comments?post=6672"}],"version-history":[{"count":0,"href":"https:\/\/subaruperformance.com.py\/fueltech\/wp-json\/wp\/v2\/product\/6672\/revisions"}],"wp:featuredmedia":[{"embeddable":true,"href":"https:\/\/subaruperformance.com.py\/fueltech\/wp-json\/wp\/v2\/media\/6671"}],"wp:attachment":[{"href":"https:\/\/subaruperformance.com.py\/fueltech\/wp-json\/wp\/v2\/media?parent=6672"}],"wp:term":[{"taxonomy":"product_brand","embeddable":true,"href":"https:\/\/subaruperformance.com.py\/fueltech\/wp-json\/wp\/v2\/product_brand?post=6672"},{"taxonomy":"product_cat","embeddable":true,"href":"https:\/\/subaruperformance.com.py\/fueltech\/wp-json\/wp\/v2\/product_cat?post=6672"},{"taxonomy":"product_tag","embeddable":true,"href":"https:\/\/subaruperformance.com.py\/fueltech\/wp-json\/wp\/v2\/product_tag?post=6672"}],"curies":[{"name":"wp","href":"https:\/\/api.w.org\/{rel}","templated":true}]}}