{"id":6676,"date":"2026-05-02T18:59:59","date_gmt":"2026-05-02T16:59:59","guid":{"rendered":"https:\/\/subaruperformance.com.py\/fueltech\/product\/ft-550\/"},"modified":"2026-05-02T18:59:59","modified_gmt":"2026-05-02T16:59:59","slug":"ft-550","status":"publish","type":"product","link":"https:\/\/subaruperformance.com.py\/fueltech\/product\/ft-550\/","title":{"rendered":"FT 550"},"content":{"rendered":"<p>Incluye GearController, aceler\u00f3metro y giroscopio. Pantalla de 5 pulgadas, 14 entradas y 24 salidas configurables. Gesti\u00f3n completa de inyecci\u00f3n, encendido y control de tracci\u00f3n.<\/p>\n","protected":false},"excerpt":{"rendered":"<p>Incluye GearController, aceler\u00f3metro y giroscopio. Pantalla de 5 pulgadas, 14 entradas y 24 salidas configurables. Gesti\u00f3n completa de inyecci\u00f3n, encendido y control de tracci\u00f3n.<\/p>\n","protected":false},"featured_media":6675,"comment_status":"open","ping_status":"closed","template":"","meta":[],"product_brand":[],"product_cat":[18],"product_tag":[],"class_list":{"0":"post-6676","1":"product","2":"type-product","3":"status-publish","4":"has-post-thumbnail","6":"product_cat-uncategorized","8":"first","9":"instock","10":"shipping-taxable","11":"purchasable","12":"product-type-simple"},"jetpack_sharing_enabled":true,"_links":{"self":[{"href":"https:\/\/subaruperformance.com.py\/fueltech\/wp-json\/wp\/v2\/product\/6676","targetHints":{"allow":["GET"]}}],"collection":[{"href":"https:\/\/subaruperformance.com.py\/fueltech\/wp-json\/wp\/v2\/product"}],"about":[{"href":"https:\/\/subaruperformance.com.py\/fueltech\/wp-json\/wp\/v2\/types\/product"}],"replies":[{"embeddable":true,"href":"https:\/\/subaruperformance.com.py\/fueltech\/wp-json\/wp\/v2\/comments?post=6676"}],"version-history":[{"count":0,"href":"https:\/\/subaruperformance.com.py\/fueltech\/wp-json\/wp\/v2\/product\/6676\/revisions"}],"wp:featuredmedia":[{"embeddable":true,"href":"https:\/\/subaruperformance.com.py\/fueltech\/wp-json\/wp\/v2\/media\/6675"}],"wp:attachment":[{"href":"https:\/\/subaruperformance.com.py\/fueltech\/wp-json\/wp\/v2\/media?parent=6676"}],"wp:term":[{"taxonomy":"product_brand","embeddable":true,"href":"https:\/\/subaruperformance.com.py\/fueltech\/wp-json\/wp\/v2\/product_brand?post=6676"},{"taxonomy":"product_cat","embeddable":true,"href":"https:\/\/subaruperformance.com.py\/fueltech\/wp-json\/wp\/v2\/product_cat?post=6676"},{"taxonomy":"product_tag","embeddable":true,"href":"https:\/\/subaruperformance.com.py\/fueltech\/wp-json\/wp\/v2\/product_tag?post=6676"}],"curies":[{"name":"wp","href":"https:\/\/api.w.org\/{rel}","templated":true}]}}