{"id":6680,"date":"2026-05-02T19:00:00","date_gmt":"2026-05-02T17:00:00","guid":{"rendered":"https:\/\/subaruperformance.com.py\/fueltech\/product\/ft700\/"},"modified":"2026-05-02T19:00:00","modified_gmt":"2026-05-02T17:00:00","slug":"ft700","status":"publish","type":"product","link":"https:\/\/subaruperformance.com.py\/fueltech\/product\/ft700\/","title":{"rendered":"FT700"},"content":{"rendered":"<p>El sistema m\u00e1s avanzado de FuelTech con 64GB de almacenamiento, 1024 canales de grabaci\u00f3n, 36 entradas y 50 salidas configurables. Pantalla LCD multit\u00e1ctil y GPS integrado.<\/p>\n","protected":false},"excerpt":{"rendered":"<p>El sistema m\u00e1s avanzado de FuelTech con 64GB de almacenamiento, 1024 canales de grabaci\u00f3n, 36 entradas y 50 salidas configurables. Pantalla LCD multit\u00e1ctil y GPS integrado.<\/p>\n","protected":false},"featured_media":6679,"comment_status":"open","ping_status":"closed","template":"","meta":[],"product_brand":[],"product_cat":[18],"product_tag":[],"class_list":{"0":"post-6680","1":"product","2":"type-product","3":"status-publish","4":"has-post-thumbnail","6":"product_cat-uncategorized","8":"first","9":"instock","10":"shipping-taxable","11":"purchasable","12":"product-type-simple"},"jetpack_sharing_enabled":true,"_links":{"self":[{"href":"https:\/\/subaruperformance.com.py\/fueltech\/wp-json\/wp\/v2\/product\/6680","targetHints":{"allow":["GET"]}}],"collection":[{"href":"https:\/\/subaruperformance.com.py\/fueltech\/wp-json\/wp\/v2\/product"}],"about":[{"href":"https:\/\/subaruperformance.com.py\/fueltech\/wp-json\/wp\/v2\/types\/product"}],"replies":[{"embeddable":true,"href":"https:\/\/subaruperformance.com.py\/fueltech\/wp-json\/wp\/v2\/comments?post=6680"}],"version-history":[{"count":0,"href":"https:\/\/subaruperformance.com.py\/fueltech\/wp-json\/wp\/v2\/product\/6680\/revisions"}],"wp:featuredmedia":[{"embeddable":true,"href":"https:\/\/subaruperformance.com.py\/fueltech\/wp-json\/wp\/v2\/media\/6679"}],"wp:attachment":[{"href":"https:\/\/subaruperformance.com.py\/fueltech\/wp-json\/wp\/v2\/media?parent=6680"}],"wp:term":[{"taxonomy":"product_brand","embeddable":true,"href":"https:\/\/subaruperformance.com.py\/fueltech\/wp-json\/wp\/v2\/product_brand?post=6680"},{"taxonomy":"product_cat","embeddable":true,"href":"https:\/\/subaruperformance.com.py\/fueltech\/wp-json\/wp\/v2\/product_cat?post=6680"},{"taxonomy":"product_tag","embeddable":true,"href":"https:\/\/subaruperformance.com.py\/fueltech\/wp-json\/wp\/v2\/product_tag?post=6680"}],"curies":[{"name":"wp","href":"https:\/\/api.w.org\/{rel}","templated":true}]}}