{"id":6682,"date":"2026-05-02T19:00:01","date_gmt":"2026-05-02T17:00:01","guid":{"rendered":"https:\/\/subaruperformance.com.py\/fueltech\/product\/ft700-plus\/"},"modified":"2026-05-02T19:00:01","modified_gmt":"2026-05-02T17:00:01","slug":"ft700-plus","status":"publish","type":"product","link":"https:\/\/subaruperformance.com.py\/fueltech\/product\/ft700-plus\/","title":{"rendered":"FT700 PLUS"},"content":{"rendered":"<p>Versi\u00f3n superior de la FT700, actuando como VCU (Vehicle Control Unit). Pantalla multit\u00e1ctil, conectividad avanzada y m\u00e1xima capacidad de procesamiento para competici\u00f3n.<\/p>\n","protected":false},"excerpt":{"rendered":"<p>Versi\u00f3n superior de la FT700, actuando como VCU (Vehicle Control Unit). Pantalla multit\u00e1ctil, conectividad avanzada y m\u00e1xima capacidad de procesamiento para competici\u00f3n.<\/p>\n","protected":false},"featured_media":6681,"comment_status":"open","ping_status":"closed","template":"","meta":[],"product_brand":[],"product_cat":[18],"product_tag":[],"class_list":{"0":"post-6682","1":"product","2":"type-product","3":"status-publish","4":"has-post-thumbnail","6":"product_cat-uncategorized","8":"first","9":"instock","10":"shipping-taxable","11":"purchasable","12":"product-type-simple"},"jetpack_sharing_enabled":true,"_links":{"self":[{"href":"https:\/\/subaruperformance.com.py\/fueltech\/wp-json\/wp\/v2\/product\/6682","targetHints":{"allow":["GET"]}}],"collection":[{"href":"https:\/\/subaruperformance.com.py\/fueltech\/wp-json\/wp\/v2\/product"}],"about":[{"href":"https:\/\/subaruperformance.com.py\/fueltech\/wp-json\/wp\/v2\/types\/product"}],"replies":[{"embeddable":true,"href":"https:\/\/subaruperformance.com.py\/fueltech\/wp-json\/wp\/v2\/comments?post=6682"}],"version-history":[{"count":0,"href":"https:\/\/subaruperformance.com.py\/fueltech\/wp-json\/wp\/v2\/product\/6682\/revisions"}],"wp:featuredmedia":[{"embeddable":true,"href":"https:\/\/subaruperformance.com.py\/fueltech\/wp-json\/wp\/v2\/media\/6681"}],"wp:attachment":[{"href":"https:\/\/subaruperformance.com.py\/fueltech\/wp-json\/wp\/v2\/media?parent=6682"}],"wp:term":[{"taxonomy":"product_brand","embeddable":true,"href":"https:\/\/subaruperformance.com.py\/fueltech\/wp-json\/wp\/v2\/product_brand?post=6682"},{"taxonomy":"product_cat","embeddable":true,"href":"https:\/\/subaruperformance.com.py\/fueltech\/wp-json\/wp\/v2\/product_cat?post=6682"},{"taxonomy":"product_tag","embeddable":true,"href":"https:\/\/subaruperformance.com.py\/fueltech\/wp-json\/wp\/v2\/product_tag?post=6682"}],"curies":[{"name":"wp","href":"https:\/\/api.w.org\/{rel}","templated":true}]}}