{"id":6684,"date":"2026-05-02T19:12:53","date_gmt":"2026-05-02T17:12:53","guid":{"rendered":"https:\/\/subaruperformance.com.py\/fueltech\/product\/peak-and-hold-2a-05a\/"},"modified":"2026-05-02T19:12:53","modified_gmt":"2026-05-02T17:12:53","slug":"peak-and-hold-2a-05a","status":"publish","type":"product","link":"https:\/\/subaruperformance.com.py\/fueltech\/product\/peak-and-hold-2a-05a\/","title":{"rendered":"Peak and Hold 2A\/ 0,5A"},"content":{"rendered":"<p>M\u00f3dulo de control para sistemas de inyecci\u00f3n electr\u00f3nica en veh\u00edculos automotores. Peak and hold 2A\/0,5A Cada salida puede accionar un inyector con una impedancia superior a 3 ohmios (boquillas Bosch de 160 lb\/h). Dimensiones: 115x90x33mm. Peak and Hold 2A &#8211; Inyectores con resistencia entre 3 y 7 Ohmios.<\/p>\n","protected":false},"excerpt":{"rendered":"<p>M\u00f3dulo de control para sistemas de inyecci\u00f3n electr\u00f3nica en veh\u00edculos automotores. Peak and hold 2A\/0,5A Cada salida puede accionar un inyector con una impedancia superior a 3 ohmios (boquillas Bosch de 160 lb\/h). Dimensiones: 115x90x33mm. Peak and Hold 2A &#8211; Inyectores con resistencia entre 3 y 7 Ohmios.<\/p>\n","protected":false},"featured_media":6683,"comment_status":"open","ping_status":"closed","template":"","meta":[],"product_brand":[],"product_cat":[18],"product_tag":[],"class_list":{"0":"post-6684","1":"product","2":"type-product","3":"status-publish","4":"has-post-thumbnail","6":"product_cat-uncategorized","8":"first","9":"instock","10":"shipping-taxable","11":"purchasable","12":"product-type-simple"},"jetpack_sharing_enabled":true,"_links":{"self":[{"href":"https:\/\/subaruperformance.com.py\/fueltech\/wp-json\/wp\/v2\/product\/6684","targetHints":{"allow":["GET"]}}],"collection":[{"href":"https:\/\/subaruperformance.com.py\/fueltech\/wp-json\/wp\/v2\/product"}],"about":[{"href":"https:\/\/subaruperformance.com.py\/fueltech\/wp-json\/wp\/v2\/types\/product"}],"replies":[{"embeddable":true,"href":"https:\/\/subaruperformance.com.py\/fueltech\/wp-json\/wp\/v2\/comments?post=6684"}],"version-history":[{"count":0,"href":"https:\/\/subaruperformance.com.py\/fueltech\/wp-json\/wp\/v2\/product\/6684\/revisions"}],"wp:featuredmedia":[{"embeddable":true,"href":"https:\/\/subaruperformance.com.py\/fueltech\/wp-json\/wp\/v2\/media\/6683"}],"wp:attachment":[{"href":"https:\/\/subaruperformance.com.py\/fueltech\/wp-json\/wp\/v2\/media?parent=6684"}],"wp:term":[{"taxonomy":"product_brand","embeddable":true,"href":"https:\/\/subaruperformance.com.py\/fueltech\/wp-json\/wp\/v2\/product_brand?post=6684"},{"taxonomy":"product_cat","embeddable":true,"href":"https:\/\/subaruperformance.com.py\/fueltech\/wp-json\/wp\/v2\/product_cat?post=6684"},{"taxonomy":"product_tag","embeddable":true,"href":"https:\/\/subaruperformance.com.py\/fueltech\/wp-json\/wp\/v2\/product_tag?post=6684"}],"curies":[{"name":"wp","href":"https:\/\/api.w.org\/{rel}","templated":true}]}}