{"id":6686,"date":"2026-05-02T19:12:55","date_gmt":"2026-05-02T17:12:55","guid":{"rendered":"https:\/\/subaruperformance.com.py\/fueltech\/product\/peak-and-hold-4a-1a\/"},"modified":"2026-05-02T19:12:55","modified_gmt":"2026-05-02T17:12:55","slug":"peak-and-hold-4a-1a","status":"publish","type":"product","link":"https:\/\/subaruperformance.com.py\/fueltech\/product\/peak-and-hold-4a-1a\/","title":{"rendered":"Peak and Hold 4A\/1A"},"content":{"rendered":"<p>M\u00f3dulo de control para Sistemas de Inyecci\u00f3n Electr\u00f3nica en Veh\u00edculos Automotores. Peak and hold 4A\/1A Controla hasta 4 inyectores con impedancia de 1,5 a 3 ohmios. Incluye compatibilidad con inyectores Siemens 83 lb\/h, 225 lb\/h, Trick Flow, MSD y hasta 8 inyectores Bosch de 160 lb\/h (2 por canal).<\/p>\n","protected":false},"excerpt":{"rendered":"<p>M\u00f3dulo de control para Sistemas de Inyecci\u00f3n Electr\u00f3nica en Veh\u00edculos Automotores. Peak and hold 4A\/1A Controla hasta 4 inyectores con impedancia de 1,5 a 3 ohmios. Incluye compatibilidad con inyectores Siemens 83 lb\/h, 225 lb\/h, Trick Flow, MSD y hasta 8 inyectores Bosch de 160 lb\/h (2 por canal).<\/p>\n","protected":false},"featured_media":6685,"comment_status":"open","ping_status":"closed","template":"","meta":[],"product_brand":[],"product_cat":[18],"product_tag":[],"class_list":{"0":"post-6686","1":"product","2":"type-product","3":"status-publish","4":"has-post-thumbnail","6":"product_cat-uncategorized","8":"first","9":"instock","10":"shipping-taxable","11":"purchasable","12":"product-type-simple"},"jetpack_sharing_enabled":true,"_links":{"self":[{"href":"https:\/\/subaruperformance.com.py\/fueltech\/wp-json\/wp\/v2\/product\/6686","targetHints":{"allow":["GET"]}}],"collection":[{"href":"https:\/\/subaruperformance.com.py\/fueltech\/wp-json\/wp\/v2\/product"}],"about":[{"href":"https:\/\/subaruperformance.com.py\/fueltech\/wp-json\/wp\/v2\/types\/product"}],"replies":[{"embeddable":true,"href":"https:\/\/subaruperformance.com.py\/fueltech\/wp-json\/wp\/v2\/comments?post=6686"}],"version-history":[{"count":0,"href":"https:\/\/subaruperformance.com.py\/fueltech\/wp-json\/wp\/v2\/product\/6686\/revisions"}],"wp:featuredmedia":[{"embeddable":true,"href":"https:\/\/subaruperformance.com.py\/fueltech\/wp-json\/wp\/v2\/media\/6685"}],"wp:attachment":[{"href":"https:\/\/subaruperformance.com.py\/fueltech\/wp-json\/wp\/v2\/media?parent=6686"}],"wp:term":[{"taxonomy":"product_brand","embeddable":true,"href":"https:\/\/subaruperformance.com.py\/fueltech\/wp-json\/wp\/v2\/product_brand?post=6686"},{"taxonomy":"product_cat","embeddable":true,"href":"https:\/\/subaruperformance.com.py\/fueltech\/wp-json\/wp\/v2\/product_cat?post=6686"},{"taxonomy":"product_tag","embeddable":true,"href":"https:\/\/subaruperformance.com.py\/fueltech\/wp-json\/wp\/v2\/product_tag?post=6686"}],"curies":[{"name":"wp","href":"https:\/\/api.w.org\/{rel}","templated":true}]}}