{"id":6692,"date":"2026-05-02T19:59:04","date_gmt":"2026-05-02T17:59:04","guid":{"rendered":"https:\/\/subaruperformance.com.py\/fueltech\/product\/nueva-wb-02-nano-v2\/"},"modified":"2026-05-02T19:59:04","modified_gmt":"2026-05-02T17:59:04","slug":"nueva-wb-02-nano-v2","status":"publish","type":"product","link":"https:\/\/subaruperformance.com.py\/fueltech\/product\/nueva-wb-02-nano-v2\/","title":{"rendered":"Nueva WB-02 Nano V2"},"content":{"rendered":"<p>Medidor y acondicionador de se\u00f1ales de sondas lambda para motores de combusti\u00f3n. El NUEVO WB-O2 Nano es la evoluci\u00f3n del m\u00f3dulo de lectura lambda de FuelTech. Incluye soporte para 5 modelos de sondas de banda ancha (Bosch y NTK), 3 modos de calentamiento, inicio inteligente por RPM o temperatura, y Shift Light visual integrado.<\/p>\n","protected":false},"excerpt":{"rendered":"<p>Medidor y acondicionador de se\u00f1ales de sondas lambda para motores de combusti\u00f3n. El NUEVO WB-O2 Nano es la evoluci\u00f3n del m\u00f3dulo de lectura lambda de FuelTech. Incluye soporte para 5 modelos de sondas de banda ancha (Bosch y NTK), 3 modos de calentamiento, inicio inteligente por RPM o temperatura, y Shift Light visual integrado.<\/p>\n","protected":false},"featured_media":6691,"comment_status":"open","ping_status":"closed","template":"","meta":[],"product_brand":[],"product_cat":[18],"product_tag":[],"class_list":{"0":"post-6692","1":"product","2":"type-product","3":"status-publish","4":"has-post-thumbnail","6":"product_cat-uncategorized","8":"first","9":"instock","10":"shipping-taxable","11":"purchasable","12":"product-type-simple"},"jetpack_sharing_enabled":true,"_links":{"self":[{"href":"https:\/\/subaruperformance.com.py\/fueltech\/wp-json\/wp\/v2\/product\/6692","targetHints":{"allow":["GET"]}}],"collection":[{"href":"https:\/\/subaruperformance.com.py\/fueltech\/wp-json\/wp\/v2\/product"}],"about":[{"href":"https:\/\/subaruperformance.com.py\/fueltech\/wp-json\/wp\/v2\/types\/product"}],"replies":[{"embeddable":true,"href":"https:\/\/subaruperformance.com.py\/fueltech\/wp-json\/wp\/v2\/comments?post=6692"}],"version-history":[{"count":0,"href":"https:\/\/subaruperformance.com.py\/fueltech\/wp-json\/wp\/v2\/product\/6692\/revisions"}],"wp:featuredmedia":[{"embeddable":true,"href":"https:\/\/subaruperformance.com.py\/fueltech\/wp-json\/wp\/v2\/media\/6691"}],"wp:attachment":[{"href":"https:\/\/subaruperformance.com.py\/fueltech\/wp-json\/wp\/v2\/media?parent=6692"}],"wp:term":[{"taxonomy":"product_brand","embeddable":true,"href":"https:\/\/subaruperformance.com.py\/fueltech\/wp-json\/wp\/v2\/product_brand?post=6692"},{"taxonomy":"product_cat","embeddable":true,"href":"https:\/\/subaruperformance.com.py\/fueltech\/wp-json\/wp\/v2\/product_cat?post=6692"},{"taxonomy":"product_tag","embeddable":true,"href":"https:\/\/subaruperformance.com.py\/fueltech\/wp-json\/wp\/v2\/product_tag?post=6692"}],"curies":[{"name":"wp","href":"https:\/\/api.w.org\/{rel}","templated":true}]}}