{"id":6718,"date":"2026-05-02T20:32:40","date_gmt":"2026-05-02T18:32:40","guid":{"rendered":"https:\/\/subaruperformance.com.py\/fueltech\/product\/cableado-listo-ft450-audi\/"},"modified":"2026-05-02T20:32:40","modified_gmt":"2026-05-02T18:32:40","slug":"cableado-listo-ft450-audi","status":"publish","type":"product","link":"https:\/\/subaruperformance.com.py\/fueltech\/product\/cableado-listo-ft450-audi\/","title":{"rendered":"CABLEADO LISTO FT450 AUDI"},"content":{"rendered":"<p>Arn\u00e9s preparado para motores de 4 cilindros, optimizado para una instalaci\u00f3n r\u00e1pida con conexiones para Smart Coils y Nano.<\/p>\n","protected":false},"excerpt":{"rendered":"<p>Arn\u00e9s preparado para motores de 4 cilindros, optimizado para una instalaci\u00f3n r\u00e1pida con conexiones para Smart Coils y Nano.<\/p>\n","protected":false},"featured_media":6717,"comment_status":"open","ping_status":"closed","template":"","meta":[],"product_brand":[],"product_cat":[18],"product_tag":[],"class_list":{"0":"post-6718","1":"product","2":"type-product","3":"status-publish","4":"has-post-thumbnail","6":"product_cat-uncategorized","8":"first","9":"instock","10":"shipping-taxable","11":"purchasable","12":"product-type-simple"},"jetpack_sharing_enabled":true,"_links":{"self":[{"href":"https:\/\/subaruperformance.com.py\/fueltech\/wp-json\/wp\/v2\/product\/6718","targetHints":{"allow":["GET"]}}],"collection":[{"href":"https:\/\/subaruperformance.com.py\/fueltech\/wp-json\/wp\/v2\/product"}],"about":[{"href":"https:\/\/subaruperformance.com.py\/fueltech\/wp-json\/wp\/v2\/types\/product"}],"replies":[{"embeddable":true,"href":"https:\/\/subaruperformance.com.py\/fueltech\/wp-json\/wp\/v2\/comments?post=6718"}],"version-history":[{"count":0,"href":"https:\/\/subaruperformance.com.py\/fueltech\/wp-json\/wp\/v2\/product\/6718\/revisions"}],"wp:featuredmedia":[{"embeddable":true,"href":"https:\/\/subaruperformance.com.py\/fueltech\/wp-json\/wp\/v2\/media\/6717"}],"wp:attachment":[{"href":"https:\/\/subaruperformance.com.py\/fueltech\/wp-json\/wp\/v2\/media?parent=6718"}],"wp:term":[{"taxonomy":"product_brand","embeddable":true,"href":"https:\/\/subaruperformance.com.py\/fueltech\/wp-json\/wp\/v2\/product_brand?post=6718"},{"taxonomy":"product_cat","embeddable":true,"href":"https:\/\/subaruperformance.com.py\/fueltech\/wp-json\/wp\/v2\/product_cat?post=6718"},{"taxonomy":"product_tag","embeddable":true,"href":"https:\/\/subaruperformance.com.py\/fueltech\/wp-json\/wp\/v2\/product_tag?post=6718"}],"curies":[{"name":"wp","href":"https:\/\/api.w.org\/{rel}","templated":true}]}}